{"id":582,"date":"2022-01-27T17:06:51","date_gmt":"2022-01-27T17:06:51","guid":{"rendered":"http:\/\/fastwpdemo.com\/newwp\/westo\/?page_id=582"},"modified":"2026-03-29T14:23:57","modified_gmt":"2026-03-29T14:23:57","slug":"hakkimizda","status":"publish","type":"page","link":"https:\/\/yenikenthurdaci.com\/index.php\/hakkimizda\/","title":{"rendered":"Hakk\u0131m\u0131zda"},"content":{"rendered":"\t\t<div data-elementor-type=\"wp-page\" data-elementor-id=\"582\" class=\"elementor elementor-582\">\n\t\t\t\t\t\t<section class=\"elementor-section elementor-top-section elementor-element elementor-element-0f14137 elementor-section-full_width elementor-section-height-default elementor-section-height-default\" data-id=\"0f14137\" data-element_type=\"section\" data-e-type=\"section\">\n\t\t\t\t\t\t<div class=\"elementor-container elementor-column-gap-default\">\n\t\t\t\t\t<div class=\"elementor-column elementor-col-100 elementor-top-column elementor-element elementor-element-8763b98\" data-id=\"8763b98\" data-element_type=\"column\" data-e-type=\"column\">\n\t\t\t<div class=\"elementor-widget-wrap elementor-element-populated\">\n\t\t\t\t\t\t<div class=\"elementor-element elementor-element-55328f3 elementor-widget elementor-widget-westo_about_us_v3\" data-id=\"55328f3\" data-element_type=\"widget\" data-e-type=\"widget\" data-widget_type=\"westo_about_us_v3.default\">\n\t\t\t\t<div class=\"elementor-widget-container\">\n\t\t\t\t\t        \n    <!--Start About Style3 Area-->\n    <section class=\"about-style3-area\">\n        <div class=\"shape1\"><\/div>\n        <div class=\"container\">\n            <div class=\"row\">\n                                <div class=\"col-xl-7\">\n                    <div class=\"about-style3__img-box\">\n                                                <div class=\"inner\">\n                            <img decoding=\"async\" src=\"https:\/\/yenikenthurdaci.com\/wp-content\/uploads\/2022\/01\/about-style3-img.jpg\" alt=\"Awesome Image\">\n                        <\/div>\n                                                                        <div class=\"about-style3-experience\">\n                            <p>G\u00dcVEN\u0130L\u0130R VE HIZLI HURDA ALIMI<\/p>\n                        <\/div>\n                                            <\/div>\n                <\/div>\n                                <div class=\"col-xl-5\">\n                    <div class=\"about-style3__content\">\n                        \n                                                <div class=\"sec-title\">\n                                                        <div class=\"sub-title\">\n                                <h3>Bizi Tan\u0131y\u0131n<\/h3>\n                            <\/div>\n                                                                                    <h2>Ankara'da De\u011ferinde ve Yerinden Hurda Al\u0131m\u0131<\/h2>\n                                                    <\/div>\n                                                \n                                                <ul>\n                                                        <li>\n                                <span class=\"icon-check-mark-button\"><\/span>\n                                <h3>Profesyonel Hizmet<\/h3>\n                                <p>Hurdalar\u0131n\u0131z\u0131 kendi ara\u00e7lar\u0131m\u0131zla adresinizden al\u0131yor, pe\u015fin \u00f6deme yap\u0131yoruz.<\/p>\n                            <\/li>\n                                                        <li>\n                                <span class=\"icon-check-mark-button\"><\/span>\n                                <h3>D\u00fcr\u00fcst Ticaret<\/h3>\n                                <p>G\u00fcncel hurda piyasas\u0131 de\u011ferlerine g\u00f6re en \u015feffaf fiyatland\u0131rma ile \u00e7al\u0131\u015f\u0131yoruz.<\/p>\n                            <\/li>\n                                                    <\/ul>\n                                                \n                                                <div class=\"text\">\n                            <p>Yenikent Hurda olarak, Sincan ve \u00e7evresi ba\u015fta olmak \u00fczere Ankara'n\u0131n her yerinden demir, bak\u0131r, al\u00fcminyum, sar\u0131, kablo ve di\u011fer t\u00fcm hurdalar\u0131n\u0131z\u0131 de\u011ferinde al\u0131yoruz. Amac\u0131m\u0131z d\u00fcr\u00fcst ticaret anlay\u0131\u015f\u0131yla hem size kazand\u0131rmak hem de geri d\u00f6n\u00fc\u015f\u00fcme katk\u0131 sa\u011flamakt\u0131r.<\/p>\n                        <\/div>\n                                                \n                                                <div class=\"author-box\">\n                                                        \n                                                        <div class=\"title\">\n                                                                <span>Kurucu Ortaklar<\/span>                            <\/div>\n                                                    <\/div>\n                                            <\/div>\n                <\/div>\n            <\/div>\n        <\/div>\n    <\/section>\n    <!--End About Style3 Area-->\n    \n    \t\t\t\t<\/div>\n\t\t\t\t<\/div>\n\t\t\t\t\t<\/div>\n\t\t<\/div>\n\t\t\t\t\t<\/div>\n\t\t<\/section>\n\t\t\t\t<section class=\"elementor-section elementor-top-section elementor-element elementor-element-4899368 elementor-section-full_width elementor-section-height-default elementor-section-height-default\" data-id=\"4899368\" data-element_type=\"section\" data-e-type=\"section\">\n\t\t\t\t\t\t<div class=\"elementor-container elementor-column-gap-default\">\n\t\t\t\t\t<div class=\"elementor-column elementor-col-100 elementor-top-column elementor-element elementor-element-9e4ee0d\" data-id=\"9e4ee0d\" data-element_type=\"column\" data-e-type=\"column\">\n\t\t\t<div class=\"elementor-widget-wrap elementor-element-populated\">\n\t\t\t\t\t\t<div class=\"elementor-element elementor-element-5d4953f elementor-widget elementor-widget-westo_what_we_do_v2\" data-id=\"5d4953f\" data-element_type=\"widget\" data-e-type=\"widget\" data-widget_type=\"westo_what_we_do_v2.default\">\n\t\t\t\t<div class=\"elementor-widget-container\">\n\t\t\t\t\t        \n        <!--Start Features Style3 Area-->\n        <section class=\"features-style3-area\">\n            <div class=\"features-style3__bg\" style=\"background-image: url(https:\/\/yenikenthurdaci.com\/wp-content\/uploads\/2022\/01\/features-v3-bg.jpg);\"><\/div>\n            <div class=\"container\">\n                <div class=\"row\">\n                    <!--Start Features Style3 Content-->\n                    <div class=\"col-xl-7\">\n                        <div class=\"features-style3__content\">\n                                                        <div class=\"sec-title sec-title--style2\">\n                                                                <div class=\"sub-title\">\n                                    <h3>Neler Geri D\u00f6n\u00fc\u015ft\u00fcr\u00fcyoruz?<\/h3>\n                                <\/div>\n                                                                <h2>Ankara Yenikent'te De\u011ferinde ve Yerinden Hurda Al\u0131m\u0131<\/h2>                            <\/div>\n\t\t\t\t\t\t\t                            \n\t\t\t\t\t\t\t                            <div class=\"video-btn\">\n                            \t<div class=\"icon wow zoomIn animated animated\" data-wow-delay=\"300ms\" data-wow-duration=\"1500ms\" style=\"visibility: visible; animation-duration: 1500ms; animation-delay: 300ms; animation-name: zoomIn;\">\n                                    <a href=\"https:\/\/www.youtube.com\/watch?v=aXFSJTjVjw0\" class=\"video-popup\"><span class=\"icon-play-buttton\"><\/span><\/a>\n                                <\/div>\n                            <\/div>\n                                                    <\/div>\n                    <\/div>\n                    <!--End Features Style3 Content-->\n                    \n                                        <!--Start Features Style3 List-->\n                    <div class=\"col-xl-5\">\n                        <div class=\"features-style3__list\">\n                            <ul>\n                            \t                                <li><span class=\"icon-arrow-right\"><\/span> Demir<\/li>\n                                                                <li><span class=\"icon-arrow-right\"><\/span> Al\u00fcminyum<\/li>\n                                                                <li><span class=\"icon-arrow-right\"><\/span> Bak\u0131r<\/li>\n                                                                <li><span class=\"icon-arrow-right\"><\/span> Kablo<\/li>\n                                                                <li><span class=\"icon-arrow-right\"><\/span> Sar\u0131<\/li>\n                                                                <li><span class=\"icon-arrow-right\"><\/span> \u0130n\u015faat Malzemeleri<\/li>\n                                                            <\/ul>\n                        <\/div>\n                    <\/div>\n                    <!--End Features Style3 List-->\n                                    <\/div>\n            <\/div>\n        <\/section>\n        <!--End Features Style3 Area-->\n        \n        \t\t\t\t<\/div>\n\t\t\t\t<\/div>\n\t\t\t\t\t<\/div>\n\t\t<\/div>\n\t\t\t\t\t<\/div>\n\t\t<\/section>\n\t\t\t\t<section class=\"elementor-section elementor-top-section elementor-element elementor-element-fc5aea9 elementor-section-full_width elementor-section-height-default elementor-section-height-default\" data-id=\"fc5aea9\" data-element_type=\"section\" data-e-type=\"section\">\n\t\t\t\t\t\t<div class=\"elementor-container elementor-column-gap-default\">\n\t\t\t\t\t<div class=\"elementor-column elementor-col-100 elementor-top-column elementor-element elementor-element-3b00578\" data-id=\"3b00578\" data-element_type=\"column\" data-e-type=\"column\">\n\t\t\t<div class=\"elementor-widget-wrap elementor-element-populated\">\n\t\t\t\t\t\t<div class=\"elementor-element elementor-element-9471b2c elementor-widget elementor-widget-westo_call_to_action\" data-id=\"9471b2c\" data-element_type=\"widget\" data-e-type=\"widget\" data-widget_type=\"westo_call_to_action.default\">\n\t\t\t\t<div class=\"elementor-widget-container\">\n\t\t\t\t\t\n\t<!--Start slogan area-->\n\t<section class=\"slogan-area\">\n\t\t<div class=\"container\">\n\t\t\t<div class=\"row\">\n\t\t\t\t\t\t\t\t<div class=\"col-xl-5 col-lg-12\">\n\t\t\t\t\t<div class=\"phone-number-box2\">\n\t\t\t\t\t\t<div class=\"icon\">\n\t\t\t\t\t\t\t<span class=\"icon-phone-ringing\"><\/span>\n\t\t\t\t\t\t<\/div>\n\t\t\t\t\t\t<div class=\"phone\">\n\t\t\t\t\t\t\t<p>Bizi Aray\u0131n<\/p>\t\t\t\t\t\t\t<a href=\"tel:905510759739\">+90 551 075 97 39 <\/a>\t\t\t\t\t\t<\/div>\n\t\t\t\t\t<\/div>\n\t\t\t\t<\/div>\n\t\t\t\t\t\t\t\t\n\t\t\t\t\t\t\t\t<div class=\"col-xl-4 col-lg-12\">\n\t\t\t\t\t<div class=\"slogan-text-box\">\n\t\t\t\t\t\t<p>Hurdalar\u0131n\u0131z\u0131 adresinizden de\u011ferinde ve nakit olarak al\u0131yoruz.<\/p>\n\t\t\t\t\t<\/div>\n\t\t\t\t<\/div>\n\t\t\t\t\t\t\t\t\n\t\t\t\t\t\t\t\t<div class=\"col-xl-3 col-lg-12\">\n\t\t\t\t\t<div class=\"slogan-btn-box\">\n\t\t\t\t\t\t<a href=\"http:\/\/fastwpdemo.com\/newwp\/westo\/contact\/\" class=\"btn-one\"><span class=\"txt\">\u0130LET\u0130\u015e\u0130ME GE\u00c7<i class=\"icon-refresh arrow\"><\/i><\/span><\/a>\n\t\t\t\t\t<\/div>\n\t\t\t\t<\/div>\n\t\t\t\t\t\t\t<\/div>\n\t\t<\/div>\n\t<\/section>\n\t<!--End slogan area-->\n\t\n\t\t\t\t\t<\/div>\n\t\t\t\t<\/div>\n\t\t\t\t\t<\/div>\n\t\t<\/div>\n\t\t\t\t\t<\/div>\n\t\t<\/section>\n\t\t\t\t<\/div>\n\t\t","protected":false},"excerpt":{"rendered":"<p>G\u00dcVEN\u0130L\u0130R VE HIZLI HURDA ALIMI Bizi Tan\u0131y\u0131n Ankara&#8217;da De\u011ferinde ve Yerinden Hurda Al\u0131m\u0131 Profesyonel Hizmet Hurdalar\u0131n\u0131z\u0131 kendi ara\u00e7lar\u0131m\u0131zla adresinizden al\u0131yor, pe\u015fin \u00f6deme yap\u0131yoruz. D\u00fcr\u00fcst Ticaret G\u00fcncel hurda piyasas\u0131 de\u011ferlerine g\u00f6re en \u015feffaf fiyatland\u0131rma ile \u00e7al\u0131\u015f\u0131yoruz. Yenikent Hurda olarak, Sincan ve \u00e7evresi ba\u015fta olmak \u00fczere Ankara&#8217;n\u0131n her yerinden demir, bak\u0131r, al\u00fcminyum, sar\u0131, kablo ve di\u011fer t\u00fcm [&hellip;]<\/p>\n","protected":false},"author":1,"featured_media":0,"parent":0,"menu_order":0,"comment_status":"closed","ping_status":"closed","template":"tpl-default-elementor.php","meta":{"footnotes":""},"class_list":["post-582","page","type-page","status-publish","hentry"],"_links":{"self":[{"href":"https:\/\/yenikenthurdaci.com\/index.php\/wp-json\/wp\/v2\/pages\/582","targetHints":{"allow":["GET"]}}],"collection":[{"href":"https:\/\/yenikenthurdaci.com\/index.php\/wp-json\/wp\/v2\/pages"}],"about":[{"href":"https:\/\/yenikenthurdaci.com\/index.php\/wp-json\/wp\/v2\/types\/page"}],"author":[{"embeddable":true,"href":"https:\/\/yenikenthurdaci.com\/index.php\/wp-json\/wp\/v2\/users\/1"}],"replies":[{"embeddable":true,"href":"https:\/\/yenikenthurdaci.com\/index.php\/wp-json\/wp\/v2\/comments?post=582"}],"version-history":[{"count":20,"href":"https:\/\/yenikenthurdaci.com\/index.php\/wp-json\/wp\/v2\/pages\/582\/revisions"}],"predecessor-version":[{"id":1545,"href":"https:\/\/yenikenthurdaci.com\/index.php\/wp-json\/wp\/v2\/pages\/582\/revisions\/1545"}],"wp:attachment":[{"href":"https:\/\/yenikenthurdaci.com\/index.php\/wp-json\/wp\/v2\/media?parent=582"}],"curies":[{"name":"wp","href":"https:\/\/api.w.org\/{rel}","templated":true}]}}